{"id":588,"date":"2026-03-02T16:53:18","date_gmt":"2026-03-02T15:53:18","guid":{"rendered":"https:\/\/galerie-azote.fr\/?post_type=product&#038;p=588"},"modified":"2026-03-02T16:53:18","modified_gmt":"2026-03-02T15:53:18","slug":"new-york-1997-1981-2","status":"publish","type":"product","link":"https:\/\/galerie-azote.fr\/en\/product\/new-york-1997-1981-2\/","title":{"rendered":"ESCAPE FROM NEW YORK (1981)"},"content":{"rendered":"<p>Affiche originale am\u00e9ricaine, &#8220;One-sheet&#8221;, 1er tirage, 69x104cm, entoil\u00e9e, parfait \u00e9tat<\/p>","protected":false},"excerpt":{"rendered":"<p>https:\/\/www.imdb.com\/fr\/title\/tt0082340\/<\/p>","protected":false},"featured_media":589,"template":"","meta":[],"product_brand":[],"product_cat":[17,16],"product_tag":[],"class_list":{"0":"post-588","1":"product","2":"type-product","3":"status-publish","4":"has-post-thumbnail","6":"product_cat-action","7":"product_cat-science-fiction","9":"first","10":"instock","11":"taxable","12":"shipping-taxable","13":"purchasable","14":"product-type-simple"},"yoast_head":"<!-- This site is optimized with the Yoast SEO plugin v27.4 - https:\/\/yoast.com\/product\/yoast-seo-wordpress\/ -->\n<title>NEW YORK 1997 (1981) - Galerie Azote<\/title>\n<meta name=\"robots\" content=\"index, follow, max-snippet:-1, max-image-preview:large, max-video-preview:-1\" \/>\n<link rel=\"canonical\" href=\"https:\/\/galerie-azote.fr\/en\/product\/new-york-1997-1981-2\/\" \/>\n<meta property=\"og:locale\" content=\"en_US\" \/>\n<meta property=\"og:type\" content=\"article\" \/>\n<meta property=\"og:title\" content=\"NEW YORK 1997 (1981) - Galerie Azote\" \/>\n<meta property=\"og:description\" content=\"https:\/\/www.imdb.com\/fr\/title\/tt0082340\/\" \/>\n<meta property=\"og:url\" content=\"https:\/\/galerie-azote.fr\/en\/product\/new-york-1997-1981-2\/\" \/>\n<meta property=\"og:site_name\" content=\"Galerie Azote\" \/>\n<meta property=\"og:image\" content=\"https:\/\/galerie-azote.fr\/wp-content\/uploads\/2026\/03\/IMG_8519.jpeg\" \/>\n\t<meta property=\"og:image:width\" content=\"1108\" \/>\n\t<meta property=\"og:image:height\" content=\"1654\" \/>\n\t<meta property=\"og:image:type\" content=\"image\/jpeg\" \/>\n<meta name=\"twitter:card\" content=\"summary_large_image\" \/>\n<meta name=\"twitter:label1\" content=\"Est. reading time\" \/>\n\t<meta name=\"twitter:data1\" content=\"1 minute\" \/>\n<script type=\"application\/ld+json\" class=\"yoast-schema-graph\">{\"@context\":\"https:\\\/\\\/schema.org\",\"@graph\":[{\"@type\":\"WebPage\",\"@id\":\"https:\\\/\\\/galerie-azote.fr\\\/produit\\\/new-york-1997-1981-2\\\/\",\"url\":\"https:\\\/\\\/galerie-azote.fr\\\/produit\\\/new-york-1997-1981-2\\\/\",\"name\":\"NEW YORK 1997 (1981) - Galerie Azote\",\"isPartOf\":{\"@id\":\"https:\\\/\\\/galerie-azote.fr\\\/#website\"},\"primaryImageOfPage\":{\"@id\":\"https:\\\/\\\/galerie-azote.fr\\\/produit\\\/new-york-1997-1981-2\\\/#primaryimage\"},\"image\":{\"@id\":\"https:\\\/\\\/galerie-azote.fr\\\/produit\\\/new-york-1997-1981-2\\\/#primaryimage\"},\"thumbnailUrl\":\"https:\\\/\\\/galerie-azote.fr\\\/wp-content\\\/uploads\\\/2026\\\/03\\\/IMG_8519.jpeg\",\"datePublished\":\"2026-03-02T15:53:18+00:00\",\"breadcrumb\":{\"@id\":\"https:\\\/\\\/galerie-azote.fr\\\/produit\\\/new-york-1997-1981-2\\\/#breadcrumb\"},\"inLanguage\":\"en-US\",\"potentialAction\":[{\"@type\":\"ReadAction\",\"target\":[\"https:\\\/\\\/galerie-azote.fr\\\/produit\\\/new-york-1997-1981-2\\\/\"]}]},{\"@type\":\"ImageObject\",\"inLanguage\":\"en-US\",\"@id\":\"https:\\\/\\\/galerie-azote.fr\\\/produit\\\/new-york-1997-1981-2\\\/#primaryimage\",\"url\":\"https:\\\/\\\/galerie-azote.fr\\\/wp-content\\\/uploads\\\/2026\\\/03\\\/IMG_8519.jpeg\",\"contentUrl\":\"https:\\\/\\\/galerie-azote.fr\\\/wp-content\\\/uploads\\\/2026\\\/03\\\/IMG_8519.jpeg\",\"width\":1108,\"height\":1654,\"caption\":\"Screenshot\"},{\"@type\":\"BreadcrumbList\",\"@id\":\"https:\\\/\\\/galerie-azote.fr\\\/produit\\\/new-york-1997-1981-2\\\/#breadcrumb\",\"itemListElement\":[{\"@type\":\"ListItem\",\"position\":1,\"name\":\"Accueil\",\"item\":\"https:\\\/\\\/galerie-azote.fr\\\/\"},{\"@type\":\"ListItem\",\"position\":2,\"name\":\"E-shop\",\"item\":\"https:\\\/\\\/galerie-azote.fr\\\/boutique\\\/\"},{\"@type\":\"ListItem\",\"position\":3,\"name\":\"NEW YORK 1997 (1981)\"}]},{\"@type\":\"WebSite\",\"@id\":\"https:\\\/\\\/galerie-azote.fr\\\/#website\",\"url\":\"https:\\\/\\\/galerie-azote.fr\\\/\",\"name\":\"Galerie Azote\",\"description\":\"Vous cherchez une affiche ? On vous la trouve. Que le Cin\u00e9ma soit avec toi !\",\"publisher\":{\"@id\":\"https:\\\/\\\/galerie-azote.fr\\\/#organization\"},\"potentialAction\":[{\"@type\":\"SearchAction\",\"target\":{\"@type\":\"EntryPoint\",\"urlTemplate\":\"https:\\\/\\\/galerie-azote.fr\\\/?s={search_term_string}\"},\"query-input\":{\"@type\":\"PropertyValueSpecification\",\"valueRequired\":true,\"valueName\":\"search_term_string\"}}],\"inLanguage\":\"en-US\"},{\"@type\":\"Organization\",\"@id\":\"https:\\\/\\\/galerie-azote.fr\\\/#organization\",\"name\":\"Galerie Azote\",\"url\":\"https:\\\/\\\/galerie-azote.fr\\\/\",\"logo\":{\"@type\":\"ImageObject\",\"inLanguage\":\"en-US\",\"@id\":\"https:\\\/\\\/galerie-azote.fr\\\/#\\\/schema\\\/logo\\\/image\\\/\",\"url\":\"https:\\\/\\\/galerie-azote.fr\\\/wp-content\\\/uploads\\\/2024\\\/01\\\/Logo_Azote.png\",\"contentUrl\":\"https:\\\/\\\/galerie-azote.fr\\\/wp-content\\\/uploads\\\/2024\\\/01\\\/Logo_Azote.png\",\"width\":911,\"height\":201,\"caption\":\"Galerie Azote\"},\"image\":{\"@id\":\"https:\\\/\\\/galerie-azote.fr\\\/#\\\/schema\\\/logo\\\/image\\\/\"},\"sameAs\":[\"https:\\\/\\\/www.instagram.com\\\/galerie_azote\\\/\"]}]}<\/script>\n<!-- \/ Yoast SEO plugin. -->","yoast_head_json":{"title":"NEW YORK 1997 (1981) - Galerie Azote","robots":{"index":"index","follow":"follow","max-snippet":"max-snippet:-1","max-image-preview":"max-image-preview:large","max-video-preview":"max-video-preview:-1"},"canonical":"https:\/\/galerie-azote.fr\/en\/product\/new-york-1997-1981-2\/","og_locale":"en_US","og_type":"article","og_title":"NEW YORK 1997 (1981) - Galerie Azote","og_description":"https:\/\/www.imdb.com\/fr\/title\/tt0082340\/","og_url":"https:\/\/galerie-azote.fr\/en\/product\/new-york-1997-1981-2\/","og_site_name":"Galerie Azote","og_image":[{"width":1108,"height":1654,"url":"https:\/\/galerie-azote.fr\/wp-content\/uploads\/2026\/03\/IMG_8519.jpeg","type":"image\/jpeg"}],"twitter_card":"summary_large_image","twitter_misc":{"Est. reading time":"1 minute"},"schema":{"@context":"https:\/\/schema.org","@graph":[{"@type":"WebPage","@id":"https:\/\/galerie-azote.fr\/produit\/new-york-1997-1981-2\/","url":"https:\/\/galerie-azote.fr\/produit\/new-york-1997-1981-2\/","name":"NEW YORK 1997 (1981) - Galerie Azote","isPartOf":{"@id":"https:\/\/galerie-azote.fr\/#website"},"primaryImageOfPage":{"@id":"https:\/\/galerie-azote.fr\/produit\/new-york-1997-1981-2\/#primaryimage"},"image":{"@id":"https:\/\/galerie-azote.fr\/produit\/new-york-1997-1981-2\/#primaryimage"},"thumbnailUrl":"https:\/\/galerie-azote.fr\/wp-content\/uploads\/2026\/03\/IMG_8519.jpeg","datePublished":"2026-03-02T15:53:18+00:00","breadcrumb":{"@id":"https:\/\/galerie-azote.fr\/produit\/new-york-1997-1981-2\/#breadcrumb"},"inLanguage":"en-US","potentialAction":[{"@type":"ReadAction","target":["https:\/\/galerie-azote.fr\/produit\/new-york-1997-1981-2\/"]}]},{"@type":"ImageObject","inLanguage":"en-US","@id":"https:\/\/galerie-azote.fr\/produit\/new-york-1997-1981-2\/#primaryimage","url":"https:\/\/galerie-azote.fr\/wp-content\/uploads\/2026\/03\/IMG_8519.jpeg","contentUrl":"https:\/\/galerie-azote.fr\/wp-content\/uploads\/2026\/03\/IMG_8519.jpeg","width":1108,"height":1654,"caption":"Screenshot"},{"@type":"BreadcrumbList","@id":"https:\/\/galerie-azote.fr\/produit\/new-york-1997-1981-2\/#breadcrumb","itemListElement":[{"@type":"ListItem","position":1,"name":"Accueil","item":"https:\/\/galerie-azote.fr\/"},{"@type":"ListItem","position":2,"name":"E-shop","item":"https:\/\/galerie-azote.fr\/boutique\/"},{"@type":"ListItem","position":3,"name":"NEW YORK 1997 (1981)"}]},{"@type":"WebSite","@id":"https:\/\/galerie-azote.fr\/#website","url":"https:\/\/galerie-azote.fr\/","name":"Galerie Azote","description":"Vous cherchez une affiche ? On vous la trouve. Que le Cin\u00e9ma soit avec toi !","publisher":{"@id":"https:\/\/galerie-azote.fr\/#organization"},"potentialAction":[{"@type":"SearchAction","target":{"@type":"EntryPoint","urlTemplate":"https:\/\/galerie-azote.fr\/?s={search_term_string}"},"query-input":{"@type":"PropertyValueSpecification","valueRequired":true,"valueName":"search_term_string"}}],"inLanguage":"en-US"},{"@type":"Organization","@id":"https:\/\/galerie-azote.fr\/#organization","name":"Galerie Azote","url":"https:\/\/galerie-azote.fr\/","logo":{"@type":"ImageObject","inLanguage":"en-US","@id":"https:\/\/galerie-azote.fr\/#\/schema\/logo\/image\/","url":"https:\/\/galerie-azote.fr\/wp-content\/uploads\/2024\/01\/Logo_Azote.png","contentUrl":"https:\/\/galerie-azote.fr\/wp-content\/uploads\/2024\/01\/Logo_Azote.png","width":911,"height":201,"caption":"Galerie Azote"},"image":{"@id":"https:\/\/galerie-azote.fr\/#\/schema\/logo\/image\/"},"sameAs":["https:\/\/www.instagram.com\/galerie_azote\/"]}]}},"_links":{"self":[{"href":"https:\/\/galerie-azote.fr\/en\/wp-json\/wp\/v2\/product\/588","targetHints":{"allow":["GET"]}}],"collection":[{"href":"https:\/\/galerie-azote.fr\/en\/wp-json\/wp\/v2\/product"}],"about":[{"href":"https:\/\/galerie-azote.fr\/en\/wp-json\/wp\/v2\/types\/product"}],"wp:featuredmedia":[{"embeddable":true,"href":"https:\/\/galerie-azote.fr\/en\/wp-json\/wp\/v2\/media\/589"}],"wp:attachment":[{"href":"https:\/\/galerie-azote.fr\/en\/wp-json\/wp\/v2\/media?parent=588"}],"wp:term":[{"taxonomy":"product_brand","embeddable":true,"href":"https:\/\/galerie-azote.fr\/en\/wp-json\/wp\/v2\/product_brand?post=588"},{"taxonomy":"product_cat","embeddable":true,"href":"https:\/\/galerie-azote.fr\/en\/wp-json\/wp\/v2\/product_cat?post=588"},{"taxonomy":"product_tag","embeddable":true,"href":"https:\/\/galerie-azote.fr\/en\/wp-json\/wp\/v2\/product_tag?post=588"}],"curies":[{"name":"wp","href":"https:\/\/api.w.org\/{rel}","templated":true}]}}