{"id":323,"date":"2025-03-02T12:33:16","date_gmt":"2025-03-02T11:33:16","guid":{"rendered":"https:\/\/galerie-azote.fr\/?post_type=product&#038;p=323"},"modified":"2025-03-12T13:47:15","modified_gmt":"2025-03-12T12:47:15","slug":"zero-de-conduite-1933","status":"publish","type":"product","link":"https:\/\/galerie-azote.fr\/en\/product\/zero-de-conduite-1933\/","title":{"rendered":"Z\u00c9RO DE CONDUITE (1933)"},"content":{"rendered":"<p>Affiche originale fran\u00e7aise, non-entoil\u00e9e, 120x160cm, excellent \u00e9tat. Imprimerie Marsoulan, affichiste Jean Colin<\/p>","protected":false},"excerpt":{"rendered":"<p><a href=\"https:\/\/www.imdb.com\/fr\/title\/tt0024803\/?ref_=nv_sr_srsg_0_tt_5_nm_0_in_0_q_0%2520de%2520co\">(Zero for conduct): Jean Vigo, Jean Dast\u00e9<\/a><\/p>","protected":false},"featured_media":324,"template":"","meta":[],"product_brand":[],"product_cat":[110],"product_tag":[],"class_list":{"0":"post-323","1":"product","2":"type-product","3":"status-publish","4":"has-post-thumbnail","6":"product_cat-films-francais","8":"first","9":"instock","10":"taxable","11":"shipping-taxable","12":"purchasable","13":"product-type-simple"},"yoast_head":"<!-- This site is optimized with the Yoast SEO plugin v27.5 - https:\/\/yoast.com\/product\/yoast-seo-wordpress\/ -->\n<title>Z\u00c9RO DE CONDUITE (1933) - Galerie Azote<\/title>\n<meta name=\"robots\" content=\"index, follow, max-snippet:-1, max-image-preview:large, max-video-preview:-1\" \/>\n<link rel=\"canonical\" href=\"https:\/\/galerie-azote.fr\/en\/product\/zero-de-conduite-1933\/\" \/>\n<meta property=\"og:locale\" content=\"en_US\" \/>\n<meta property=\"og:type\" content=\"article\" \/>\n<meta property=\"og:title\" content=\"Z\u00c9RO DE CONDUITE (1933) - Galerie Azote\" \/>\n<meta property=\"og:description\" content=\"(Zero for conduct): Jean Vigo, Jean Dast\u00e9\" \/>\n<meta property=\"og:url\" content=\"https:\/\/galerie-azote.fr\/en\/product\/zero-de-conduite-1933\/\" \/>\n<meta property=\"og:site_name\" content=\"Galerie Azote\" \/>\n<meta property=\"article:modified_time\" content=\"2025-03-12T12:47:15+00:00\" \/>\n<meta property=\"og:image\" content=\"https:\/\/galerie-azote.fr\/wp-content\/uploads\/2025\/03\/72E35749-834F-49CF-8789-A6B4726B5162-scaled.jpeg\" \/>\n\t<meta property=\"og:image:width\" content=\"1861\" \/>\n\t<meta property=\"og:image:height\" content=\"2560\" \/>\n\t<meta property=\"og:image:type\" content=\"image\/jpeg\" \/>\n<meta name=\"twitter:card\" content=\"summary_large_image\" \/>\n<meta name=\"twitter:label1\" content=\"Est. reading time\" \/>\n\t<meta name=\"twitter:data1\" content=\"1 minute\" \/>\n<script type=\"application\/ld+json\" class=\"yoast-schema-graph\">{\"@context\":\"https:\\\/\\\/schema.org\",\"@graph\":[{\"@type\":\"WebPage\",\"@id\":\"https:\\\/\\\/galerie-azote.fr\\\/produit\\\/zero-de-conduite-1933\\\/\",\"url\":\"https:\\\/\\\/galerie-azote.fr\\\/produit\\\/zero-de-conduite-1933\\\/\",\"name\":\"Z\u00c9RO DE CONDUITE (1933) - Galerie Azote\",\"isPartOf\":{\"@id\":\"https:\\\/\\\/galerie-azote.fr\\\/#website\"},\"primaryImageOfPage\":{\"@id\":\"https:\\\/\\\/galerie-azote.fr\\\/produit\\\/zero-de-conduite-1933\\\/#primaryimage\"},\"image\":{\"@id\":\"https:\\\/\\\/galerie-azote.fr\\\/produit\\\/zero-de-conduite-1933\\\/#primaryimage\"},\"thumbnailUrl\":\"https:\\\/\\\/galerie-azote.fr\\\/wp-content\\\/uploads\\\/2025\\\/03\\\/72E35749-834F-49CF-8789-A6B4726B5162-scaled.jpeg\",\"datePublished\":\"2025-03-02T11:33:16+00:00\",\"dateModified\":\"2025-03-12T12:47:15+00:00\",\"breadcrumb\":{\"@id\":\"https:\\\/\\\/galerie-azote.fr\\\/produit\\\/zero-de-conduite-1933\\\/#breadcrumb\"},\"inLanguage\":\"en-US\",\"potentialAction\":[{\"@type\":\"ReadAction\",\"target\":[\"https:\\\/\\\/galerie-azote.fr\\\/produit\\\/zero-de-conduite-1933\\\/\"]}]},{\"@type\":\"ImageObject\",\"inLanguage\":\"en-US\",\"@id\":\"https:\\\/\\\/galerie-azote.fr\\\/produit\\\/zero-de-conduite-1933\\\/#primaryimage\",\"url\":\"https:\\\/\\\/galerie-azote.fr\\\/wp-content\\\/uploads\\\/2025\\\/03\\\/72E35749-834F-49CF-8789-A6B4726B5162-scaled.jpeg\",\"contentUrl\":\"https:\\\/\\\/galerie-azote.fr\\\/wp-content\\\/uploads\\\/2025\\\/03\\\/72E35749-834F-49CF-8789-A6B4726B5162-scaled.jpeg\",\"width\":1861,\"height\":2560},{\"@type\":\"BreadcrumbList\",\"@id\":\"https:\\\/\\\/galerie-azote.fr\\\/produit\\\/zero-de-conduite-1933\\\/#breadcrumb\",\"itemListElement\":[{\"@type\":\"ListItem\",\"position\":1,\"name\":\"Accueil\",\"item\":\"https:\\\/\\\/galerie-azote.fr\\\/\"},{\"@type\":\"ListItem\",\"position\":2,\"name\":\"E-shop\",\"item\":\"https:\\\/\\\/galerie-azote.fr\\\/boutique\\\/\"},{\"@type\":\"ListItem\",\"position\":3,\"name\":\"Z\u00c9RO DE CONDUITE (1933)\"}]},{\"@type\":\"WebSite\",\"@id\":\"https:\\\/\\\/galerie-azote.fr\\\/#website\",\"url\":\"https:\\\/\\\/galerie-azote.fr\\\/\",\"name\":\"Galerie Azote\",\"description\":\"Vous cherchez une affiche ? On vous la trouve. Que le Cin\u00e9ma soit avec toi !\",\"publisher\":{\"@id\":\"https:\\\/\\\/galerie-azote.fr\\\/#organization\"},\"potentialAction\":[{\"@type\":\"SearchAction\",\"target\":{\"@type\":\"EntryPoint\",\"urlTemplate\":\"https:\\\/\\\/galerie-azote.fr\\\/?s={search_term_string}\"},\"query-input\":{\"@type\":\"PropertyValueSpecification\",\"valueRequired\":true,\"valueName\":\"search_term_string\"}}],\"inLanguage\":\"en-US\"},{\"@type\":\"Organization\",\"@id\":\"https:\\\/\\\/galerie-azote.fr\\\/#organization\",\"name\":\"Galerie Azote\",\"url\":\"https:\\\/\\\/galerie-azote.fr\\\/\",\"logo\":{\"@type\":\"ImageObject\",\"inLanguage\":\"en-US\",\"@id\":\"https:\\\/\\\/galerie-azote.fr\\\/#\\\/schema\\\/logo\\\/image\\\/\",\"url\":\"https:\\\/\\\/galerie-azote.fr\\\/wp-content\\\/uploads\\\/2024\\\/01\\\/Logo_Azote.png\",\"contentUrl\":\"https:\\\/\\\/galerie-azote.fr\\\/wp-content\\\/uploads\\\/2024\\\/01\\\/Logo_Azote.png\",\"width\":911,\"height\":201,\"caption\":\"Galerie Azote\"},\"image\":{\"@id\":\"https:\\\/\\\/galerie-azote.fr\\\/#\\\/schema\\\/logo\\\/image\\\/\"},\"sameAs\":[\"https:\\\/\\\/www.instagram.com\\\/galerie_azote\\\/\"]}]}<\/script>\n<!-- \/ Yoast SEO plugin. -->","yoast_head_json":{"title":"Z\u00c9RO DE CONDUITE (1933) - Galerie Azote","robots":{"index":"index","follow":"follow","max-snippet":"max-snippet:-1","max-image-preview":"max-image-preview:large","max-video-preview":"max-video-preview:-1"},"canonical":"https:\/\/galerie-azote.fr\/en\/product\/zero-de-conduite-1933\/","og_locale":"en_US","og_type":"article","og_title":"Z\u00c9RO DE CONDUITE (1933) - Galerie Azote","og_description":"(Zero for conduct): Jean Vigo, Jean Dast\u00e9","og_url":"https:\/\/galerie-azote.fr\/en\/product\/zero-de-conduite-1933\/","og_site_name":"Galerie Azote","article_modified_time":"2025-03-12T12:47:15+00:00","og_image":[{"width":1861,"height":2560,"url":"https:\/\/galerie-azote.fr\/wp-content\/uploads\/2025\/03\/72E35749-834F-49CF-8789-A6B4726B5162-scaled.jpeg","type":"image\/jpeg"}],"twitter_card":"summary_large_image","twitter_misc":{"Est. reading time":"1 minute"},"schema":{"@context":"https:\/\/schema.org","@graph":[{"@type":"WebPage","@id":"https:\/\/galerie-azote.fr\/produit\/zero-de-conduite-1933\/","url":"https:\/\/galerie-azote.fr\/produit\/zero-de-conduite-1933\/","name":"Z\u00c9RO DE CONDUITE (1933) - Galerie Azote","isPartOf":{"@id":"https:\/\/galerie-azote.fr\/#website"},"primaryImageOfPage":{"@id":"https:\/\/galerie-azote.fr\/produit\/zero-de-conduite-1933\/#primaryimage"},"image":{"@id":"https:\/\/galerie-azote.fr\/produit\/zero-de-conduite-1933\/#primaryimage"},"thumbnailUrl":"https:\/\/galerie-azote.fr\/wp-content\/uploads\/2025\/03\/72E35749-834F-49CF-8789-A6B4726B5162-scaled.jpeg","datePublished":"2025-03-02T11:33:16+00:00","dateModified":"2025-03-12T12:47:15+00:00","breadcrumb":{"@id":"https:\/\/galerie-azote.fr\/produit\/zero-de-conduite-1933\/#breadcrumb"},"inLanguage":"en-US","potentialAction":[{"@type":"ReadAction","target":["https:\/\/galerie-azote.fr\/produit\/zero-de-conduite-1933\/"]}]},{"@type":"ImageObject","inLanguage":"en-US","@id":"https:\/\/galerie-azote.fr\/produit\/zero-de-conduite-1933\/#primaryimage","url":"https:\/\/galerie-azote.fr\/wp-content\/uploads\/2025\/03\/72E35749-834F-49CF-8789-A6B4726B5162-scaled.jpeg","contentUrl":"https:\/\/galerie-azote.fr\/wp-content\/uploads\/2025\/03\/72E35749-834F-49CF-8789-A6B4726B5162-scaled.jpeg","width":1861,"height":2560},{"@type":"BreadcrumbList","@id":"https:\/\/galerie-azote.fr\/produit\/zero-de-conduite-1933\/#breadcrumb","itemListElement":[{"@type":"ListItem","position":1,"name":"Accueil","item":"https:\/\/galerie-azote.fr\/"},{"@type":"ListItem","position":2,"name":"E-shop","item":"https:\/\/galerie-azote.fr\/boutique\/"},{"@type":"ListItem","position":3,"name":"Z\u00c9RO DE CONDUITE (1933)"}]},{"@type":"WebSite","@id":"https:\/\/galerie-azote.fr\/#website","url":"https:\/\/galerie-azote.fr\/","name":"Galerie Azote","description":"Vous cherchez une affiche ? On vous la trouve. Que le Cin\u00e9ma soit avec toi !","publisher":{"@id":"https:\/\/galerie-azote.fr\/#organization"},"potentialAction":[{"@type":"SearchAction","target":{"@type":"EntryPoint","urlTemplate":"https:\/\/galerie-azote.fr\/?s={search_term_string}"},"query-input":{"@type":"PropertyValueSpecification","valueRequired":true,"valueName":"search_term_string"}}],"inLanguage":"en-US"},{"@type":"Organization","@id":"https:\/\/galerie-azote.fr\/#organization","name":"Galerie Azote","url":"https:\/\/galerie-azote.fr\/","logo":{"@type":"ImageObject","inLanguage":"en-US","@id":"https:\/\/galerie-azote.fr\/#\/schema\/logo\/image\/","url":"https:\/\/galerie-azote.fr\/wp-content\/uploads\/2024\/01\/Logo_Azote.png","contentUrl":"https:\/\/galerie-azote.fr\/wp-content\/uploads\/2024\/01\/Logo_Azote.png","width":911,"height":201,"caption":"Galerie Azote"},"image":{"@id":"https:\/\/galerie-azote.fr\/#\/schema\/logo\/image\/"},"sameAs":["https:\/\/www.instagram.com\/galerie_azote\/"]}]}},"_links":{"self":[{"href":"https:\/\/galerie-azote.fr\/en\/wp-json\/wp\/v2\/product\/323","targetHints":{"allow":["GET"]}}],"collection":[{"href":"https:\/\/galerie-azote.fr\/en\/wp-json\/wp\/v2\/product"}],"about":[{"href":"https:\/\/galerie-azote.fr\/en\/wp-json\/wp\/v2\/types\/product"}],"wp:featuredmedia":[{"embeddable":true,"href":"https:\/\/galerie-azote.fr\/en\/wp-json\/wp\/v2\/media\/324"}],"wp:attachment":[{"href":"https:\/\/galerie-azote.fr\/en\/wp-json\/wp\/v2\/media?parent=323"}],"wp:term":[{"taxonomy":"product_brand","embeddable":true,"href":"https:\/\/galerie-azote.fr\/en\/wp-json\/wp\/v2\/product_brand?post=323"},{"taxonomy":"product_cat","embeddable":true,"href":"https:\/\/galerie-azote.fr\/en\/wp-json\/wp\/v2\/product_cat?post=323"},{"taxonomy":"product_tag","embeddable":true,"href":"https:\/\/galerie-azote.fr\/en\/wp-json\/wp\/v2\/product_tag?post=323"}],"curies":[{"name":"wp","href":"https:\/\/api.w.org\/{rel}","templated":true}]}}