{"id":321,"date":"2025-03-02T12:16:53","date_gmt":"2025-03-02T11:16:53","guid":{"rendered":"https:\/\/galerie-azote.fr\/?post_type=product&#038;p=321"},"modified":"2025-03-02T12:18:58","modified_gmt":"2025-03-02T11:18:58","slug":"le-mepris-1963","status":"publish","type":"product","link":"https:\/\/galerie-azote.fr\/en\/product\/le-mepris-1963\/","title":{"rendered":"LE M\u00c9PRIS (1963)"},"content":{"rendered":"<p>Affiche originale fran\u00e7aise, ressortie 2023 s\u00e9rie limit\u00e9e &#8220;60\u00e8me anniversaire&#8221;, 120x160cm, excellent \u00e9tat, pli\u00e9e.<\/p>\n<p>Affichiste Laurent Durieux<\/p>","protected":false},"excerpt":{"rendered":"<p><a href=\"https:\/\/www.imdb.com\/fr\/title\/tt0057345\/?ref_=nv_sr_srsg_0_tt_8_nm_0_in_0_q_LE%2520M%25C3%2589PRIS\">(Contempt): Jean-Luc Godard, Brigitte Bardot, Michel Piccoli, Jack Palance, Fritz Lang<\/a><\/p>","protected":false},"featured_media":322,"template":"","meta":[],"product_brand":[],"product_cat":[110],"product_tag":[],"class_list":{"0":"post-321","1":"product","2":"type-product","3":"status-publish","4":"has-post-thumbnail","6":"product_cat-films-francais","8":"first","9":"instock","10":"taxable","11":"shipping-taxable","12":"purchasable","13":"product-type-simple"},"yoast_head":"<!-- This site is optimized with the Yoast SEO plugin v27.3 - https:\/\/yoast.com\/product\/yoast-seo-wordpress\/ -->\n<title>LE M\u00c9PRIS (1963) - Galerie Azote<\/title>\n<meta name=\"robots\" content=\"index, follow, max-snippet:-1, max-image-preview:large, max-video-preview:-1\" \/>\n<link rel=\"canonical\" href=\"https:\/\/galerie-azote.fr\/en\/product\/le-mepris-1963\/\" \/>\n<meta property=\"og:locale\" content=\"en_US\" \/>\n<meta property=\"og:type\" content=\"article\" \/>\n<meta property=\"og:title\" content=\"LE M\u00c9PRIS (1963) - Galerie Azote\" \/>\n<meta property=\"og:description\" content=\"(Contempt): Jean-Luc Godard, Brigitte Bardot, Michel Piccoli, Jack Palance, Fritz Lang\" \/>\n<meta property=\"og:url\" content=\"https:\/\/galerie-azote.fr\/en\/product\/le-mepris-1963\/\" \/>\n<meta property=\"og:site_name\" content=\"Galerie Azote\" \/>\n<meta property=\"article:modified_time\" content=\"2025-03-02T11:18:58+00:00\" \/>\n<meta property=\"og:image\" content=\"https:\/\/galerie-azote.fr\/wp-content\/uploads\/2025\/03\/06E7A7A5-2D4F-44A8-A723-495F39DF0674-scaled.jpeg\" \/>\n\t<meta property=\"og:image:width\" content=\"1920\" \/>\n\t<meta property=\"og:image:height\" content=\"2560\" \/>\n\t<meta property=\"og:image:type\" content=\"image\/jpeg\" \/>\n<meta name=\"twitter:card\" content=\"summary_large_image\" \/>\n<meta name=\"twitter:label1\" content=\"Est. reading time\" \/>\n\t<meta name=\"twitter:data1\" content=\"1 minute\" \/>\n<script type=\"application\/ld+json\" class=\"yoast-schema-graph\">{\"@context\":\"https:\\\/\\\/schema.org\",\"@graph\":[{\"@type\":\"WebPage\",\"@id\":\"https:\\\/\\\/galerie-azote.fr\\\/produit\\\/le-mepris-1963\\\/\",\"url\":\"https:\\\/\\\/galerie-azote.fr\\\/produit\\\/le-mepris-1963\\\/\",\"name\":\"LE M\u00c9PRIS (1963) - Galerie Azote\",\"isPartOf\":{\"@id\":\"https:\\\/\\\/galerie-azote.fr\\\/#website\"},\"primaryImageOfPage\":{\"@id\":\"https:\\\/\\\/galerie-azote.fr\\\/produit\\\/le-mepris-1963\\\/#primaryimage\"},\"image\":{\"@id\":\"https:\\\/\\\/galerie-azote.fr\\\/produit\\\/le-mepris-1963\\\/#primaryimage\"},\"thumbnailUrl\":\"https:\\\/\\\/galerie-azote.fr\\\/wp-content\\\/uploads\\\/2025\\\/03\\\/06E7A7A5-2D4F-44A8-A723-495F39DF0674-scaled.jpeg\",\"datePublished\":\"2025-03-02T11:16:53+00:00\",\"dateModified\":\"2025-03-02T11:18:58+00:00\",\"breadcrumb\":{\"@id\":\"https:\\\/\\\/galerie-azote.fr\\\/produit\\\/le-mepris-1963\\\/#breadcrumb\"},\"inLanguage\":\"en-US\",\"potentialAction\":[{\"@type\":\"ReadAction\",\"target\":[\"https:\\\/\\\/galerie-azote.fr\\\/produit\\\/le-mepris-1963\\\/\"]}]},{\"@type\":\"ImageObject\",\"inLanguage\":\"en-US\",\"@id\":\"https:\\\/\\\/galerie-azote.fr\\\/produit\\\/le-mepris-1963\\\/#primaryimage\",\"url\":\"https:\\\/\\\/galerie-azote.fr\\\/wp-content\\\/uploads\\\/2025\\\/03\\\/06E7A7A5-2D4F-44A8-A723-495F39DF0674-scaled.jpeg\",\"contentUrl\":\"https:\\\/\\\/galerie-azote.fr\\\/wp-content\\\/uploads\\\/2025\\\/03\\\/06E7A7A5-2D4F-44A8-A723-495F39DF0674-scaled.jpeg\",\"width\":1920,\"height\":2560},{\"@type\":\"BreadcrumbList\",\"@id\":\"https:\\\/\\\/galerie-azote.fr\\\/produit\\\/le-mepris-1963\\\/#breadcrumb\",\"itemListElement\":[{\"@type\":\"ListItem\",\"position\":1,\"name\":\"Accueil\",\"item\":\"https:\\\/\\\/galerie-azote.fr\\\/\"},{\"@type\":\"ListItem\",\"position\":2,\"name\":\"E-shop\",\"item\":\"https:\\\/\\\/galerie-azote.fr\\\/boutique\\\/\"},{\"@type\":\"ListItem\",\"position\":3,\"name\":\"LE M\u00c9PRIS (1963)\"}]},{\"@type\":\"WebSite\",\"@id\":\"https:\\\/\\\/galerie-azote.fr\\\/#website\",\"url\":\"https:\\\/\\\/galerie-azote.fr\\\/\",\"name\":\"Galerie Azote\",\"description\":\"Vous cherchez une affiche ? On vous la trouve. Que le Cin\u00e9ma soit avec toi !\",\"publisher\":{\"@id\":\"https:\\\/\\\/galerie-azote.fr\\\/#organization\"},\"potentialAction\":[{\"@type\":\"SearchAction\",\"target\":{\"@type\":\"EntryPoint\",\"urlTemplate\":\"https:\\\/\\\/galerie-azote.fr\\\/?s={search_term_string}\"},\"query-input\":{\"@type\":\"PropertyValueSpecification\",\"valueRequired\":true,\"valueName\":\"search_term_string\"}}],\"inLanguage\":\"en-US\"},{\"@type\":\"Organization\",\"@id\":\"https:\\\/\\\/galerie-azote.fr\\\/#organization\",\"name\":\"Galerie Azote\",\"url\":\"https:\\\/\\\/galerie-azote.fr\\\/\",\"logo\":{\"@type\":\"ImageObject\",\"inLanguage\":\"en-US\",\"@id\":\"https:\\\/\\\/galerie-azote.fr\\\/#\\\/schema\\\/logo\\\/image\\\/\",\"url\":\"https:\\\/\\\/galerie-azote.fr\\\/wp-content\\\/uploads\\\/2024\\\/01\\\/Logo_Azote.png\",\"contentUrl\":\"https:\\\/\\\/galerie-azote.fr\\\/wp-content\\\/uploads\\\/2024\\\/01\\\/Logo_Azote.png\",\"width\":911,\"height\":201,\"caption\":\"Galerie Azote\"},\"image\":{\"@id\":\"https:\\\/\\\/galerie-azote.fr\\\/#\\\/schema\\\/logo\\\/image\\\/\"},\"sameAs\":[\"https:\\\/\\\/www.instagram.com\\\/galerie_azote\\\/\"]}]}<\/script>\n<!-- \/ Yoast SEO plugin. -->","yoast_head_json":{"title":"LE M\u00c9PRIS (1963) - Galerie Azote","robots":{"index":"index","follow":"follow","max-snippet":"max-snippet:-1","max-image-preview":"max-image-preview:large","max-video-preview":"max-video-preview:-1"},"canonical":"https:\/\/galerie-azote.fr\/en\/product\/le-mepris-1963\/","og_locale":"en_US","og_type":"article","og_title":"LE M\u00c9PRIS (1963) - Galerie Azote","og_description":"(Contempt): Jean-Luc Godard, Brigitte Bardot, Michel Piccoli, Jack Palance, Fritz Lang","og_url":"https:\/\/galerie-azote.fr\/en\/product\/le-mepris-1963\/","og_site_name":"Galerie Azote","article_modified_time":"2025-03-02T11:18:58+00:00","og_image":[{"width":1920,"height":2560,"url":"https:\/\/galerie-azote.fr\/wp-content\/uploads\/2025\/03\/06E7A7A5-2D4F-44A8-A723-495F39DF0674-scaled.jpeg","type":"image\/jpeg"}],"twitter_card":"summary_large_image","twitter_misc":{"Est. reading time":"1 minute"},"schema":{"@context":"https:\/\/schema.org","@graph":[{"@type":"WebPage","@id":"https:\/\/galerie-azote.fr\/produit\/le-mepris-1963\/","url":"https:\/\/galerie-azote.fr\/produit\/le-mepris-1963\/","name":"LE M\u00c9PRIS (1963) - Galerie Azote","isPartOf":{"@id":"https:\/\/galerie-azote.fr\/#website"},"primaryImageOfPage":{"@id":"https:\/\/galerie-azote.fr\/produit\/le-mepris-1963\/#primaryimage"},"image":{"@id":"https:\/\/galerie-azote.fr\/produit\/le-mepris-1963\/#primaryimage"},"thumbnailUrl":"https:\/\/galerie-azote.fr\/wp-content\/uploads\/2025\/03\/06E7A7A5-2D4F-44A8-A723-495F39DF0674-scaled.jpeg","datePublished":"2025-03-02T11:16:53+00:00","dateModified":"2025-03-02T11:18:58+00:00","breadcrumb":{"@id":"https:\/\/galerie-azote.fr\/produit\/le-mepris-1963\/#breadcrumb"},"inLanguage":"en-US","potentialAction":[{"@type":"ReadAction","target":["https:\/\/galerie-azote.fr\/produit\/le-mepris-1963\/"]}]},{"@type":"ImageObject","inLanguage":"en-US","@id":"https:\/\/galerie-azote.fr\/produit\/le-mepris-1963\/#primaryimage","url":"https:\/\/galerie-azote.fr\/wp-content\/uploads\/2025\/03\/06E7A7A5-2D4F-44A8-A723-495F39DF0674-scaled.jpeg","contentUrl":"https:\/\/galerie-azote.fr\/wp-content\/uploads\/2025\/03\/06E7A7A5-2D4F-44A8-A723-495F39DF0674-scaled.jpeg","width":1920,"height":2560},{"@type":"BreadcrumbList","@id":"https:\/\/galerie-azote.fr\/produit\/le-mepris-1963\/#breadcrumb","itemListElement":[{"@type":"ListItem","position":1,"name":"Accueil","item":"https:\/\/galerie-azote.fr\/"},{"@type":"ListItem","position":2,"name":"E-shop","item":"https:\/\/galerie-azote.fr\/boutique\/"},{"@type":"ListItem","position":3,"name":"LE M\u00c9PRIS (1963)"}]},{"@type":"WebSite","@id":"https:\/\/galerie-azote.fr\/#website","url":"https:\/\/galerie-azote.fr\/","name":"Galerie Azote","description":"Vous cherchez une affiche ? On vous la trouve. Que le Cin\u00e9ma soit avec toi !","publisher":{"@id":"https:\/\/galerie-azote.fr\/#organization"},"potentialAction":[{"@type":"SearchAction","target":{"@type":"EntryPoint","urlTemplate":"https:\/\/galerie-azote.fr\/?s={search_term_string}"},"query-input":{"@type":"PropertyValueSpecification","valueRequired":true,"valueName":"search_term_string"}}],"inLanguage":"en-US"},{"@type":"Organization","@id":"https:\/\/galerie-azote.fr\/#organization","name":"Galerie Azote","url":"https:\/\/galerie-azote.fr\/","logo":{"@type":"ImageObject","inLanguage":"en-US","@id":"https:\/\/galerie-azote.fr\/#\/schema\/logo\/image\/","url":"https:\/\/galerie-azote.fr\/wp-content\/uploads\/2024\/01\/Logo_Azote.png","contentUrl":"https:\/\/galerie-azote.fr\/wp-content\/uploads\/2024\/01\/Logo_Azote.png","width":911,"height":201,"caption":"Galerie Azote"},"image":{"@id":"https:\/\/galerie-azote.fr\/#\/schema\/logo\/image\/"},"sameAs":["https:\/\/www.instagram.com\/galerie_azote\/"]}]}},"_links":{"self":[{"href":"https:\/\/galerie-azote.fr\/en\/wp-json\/wp\/v2\/product\/321","targetHints":{"allow":["GET"]}}],"collection":[{"href":"https:\/\/galerie-azote.fr\/en\/wp-json\/wp\/v2\/product"}],"about":[{"href":"https:\/\/galerie-azote.fr\/en\/wp-json\/wp\/v2\/types\/product"}],"wp:featuredmedia":[{"embeddable":true,"href":"https:\/\/galerie-azote.fr\/en\/wp-json\/wp\/v2\/media\/322"}],"wp:attachment":[{"href":"https:\/\/galerie-azote.fr\/en\/wp-json\/wp\/v2\/media?parent=321"}],"wp:term":[{"taxonomy":"product_brand","embeddable":true,"href":"https:\/\/galerie-azote.fr\/en\/wp-json\/wp\/v2\/product_brand?post=321"},{"taxonomy":"product_cat","embeddable":true,"href":"https:\/\/galerie-azote.fr\/en\/wp-json\/wp\/v2\/product_cat?post=321"},{"taxonomy":"product_tag","embeddable":true,"href":"https:\/\/galerie-azote.fr\/en\/wp-json\/wp\/v2\/product_tag?post=321"}],"curies":[{"name":"wp","href":"https:\/\/api.w.org\/{rel}","templated":true}]}}